{"id":217,"date":"2012-01-10T08:31:40","date_gmt":"2012-01-10T08:31:40","guid":{"rendered":"http:\/\/tambouren.wordpress.com\/?page_id=2"},"modified":"2024-11-03T21:35:43","modified_gmt":"2024-11-03T21:35:43","slug":"verein","status":"publish","type":"page","link":"https:\/\/tambouren-ennetbuergen.ch\/","title":{"rendered":"Verein"},"content":{"rendered":"<p><a href=\"http:\/\/tambouren-ennetbuergen.ch\/wp-content\/uploads\/2024\/11\/Tambouren-Ennetbuergen-2024-flat-cmyk-S.jpg\"><img decoding=\"async\" loading=\"lazy\" class=\"alignnone size-full wp-image-2433\" src=\"http:\/\/tambouren-ennetbuergen.ch\/wp-content\/uploads\/2024\/11\/Tambouren-Ennetbuergen-2024-flat-cmyk-S.jpg\" alt=\"\" width=\"1772\" height=\"1183\" srcset=\"https:\/\/tambouren-ennetbuergen.ch\/wp-content\/uploads\/2024\/11\/Tambouren-Ennetbuergen-2024-flat-cmyk-S.jpg 1772w, https:\/\/tambouren-ennetbuergen.ch\/wp-content\/uploads\/2024\/11\/Tambouren-Ennetbuergen-2024-flat-cmyk-S-300x200.jpg 300w, https:\/\/tambouren-ennetbuergen.ch\/wp-content\/uploads\/2024\/11\/Tambouren-Ennetbuergen-2024-flat-cmyk-S-1024x684.jpg 1024w, https:\/\/tambouren-ennetbuergen.ch\/wp-content\/uploads\/2024\/11\/Tambouren-Ennetbuergen-2024-flat-cmyk-S-768x513.jpg 768w, https:\/\/tambouren-ennetbuergen.ch\/wp-content\/uploads\/2024\/11\/Tambouren-Ennetbuergen-2024-flat-cmyk-S-1536x1025.jpg 1536w\" sizes=\"(max-width: 1772px) 100vw, 1772px\" \/><\/a><\/p>\n<p>&nbsp;<\/p>\n<p>Ohne viel Aufsehen wurde im Jahre 1949 von einigen begeisterten Trommlern die Tambourengruppe Ennetb\u00fcrgen gegr\u00fcndet. Anf\u00e4nglich wurde die neue Formation ausschliesslich an der Fasnacht eingesetzt. Schon bald jedoch wurden unsere markanten Auftritte als kontrastreiche Einlagen bei Blasmusikveranstaltungen gesch\u00e4tzt. Inzwischen sind wir neben der Fasnacht auch bei Showauftritten, Quartierst\u00e4ndchen, Dorffesten und Marschmusikauftritten gern gesehene Mitwirkende.<\/p>\n<p><a href=\"http:\/\/tambouren-ennetbuergen.ch\/wp-content\/uploads\/2018\/03\/History.jpg\"><img decoding=\"async\" loading=\"lazy\" class=\"alignnone size-full wp-image-2307\" src=\"http:\/\/tambouren-ennetbuergen.ch\/wp-content\/uploads\/2018\/03\/History.jpg\" alt=\"\" width=\"1999\" height=\"730\" srcset=\"https:\/\/tambouren-ennetbuergen.ch\/wp-content\/uploads\/2018\/03\/History.jpg 1999w, https:\/\/tambouren-ennetbuergen.ch\/wp-content\/uploads\/2018\/03\/History-300x110.jpg 300w, https:\/\/tambouren-ennetbuergen.ch\/wp-content\/uploads\/2018\/03\/History-768x280.jpg 768w, https:\/\/tambouren-ennetbuergen.ch\/wp-content\/uploads\/2018\/03\/History-1024x374.jpg 1024w\" sizes=\"(max-width: 1999px) 100vw, 1999px\" \/><\/a><\/p>\n<p>Unser Repertoir ist sehr vielseitig &#8211; vom klassischen Trommelmarsch \u00fcber Showst\u00fccke mit \u00abSchlegelfechten\u00bb bis hin zu moderenen Rhythmusarrangements &#8211; es ist f\u00fcr jeden etwas mit dabei!<\/p>\n<p>Als <strong>einziger Tambourenverein im Kanton Nidwalden<\/strong> bilden wir junge Menschen zu Tambouren aus. Die Ausbildung ist eine komplette musikalische Grundausbildung und brachte\/bringt schon einige Milit\u00e4r-Tambouren hervor. Die Jungtambouren werden fr\u00fch in das aktive Vereinsleben integriert und unterst\u00fctzen die Aktiven bei Auftritten aller Art.<\/p>\n<p><strong>Passivmitglied werden und Jungtambouren-Ausbildung unterst\u00fctzen:<\/strong><br \/>\nNeben unseren Aktivmitgliedern und Jungtambouren k\u00f6nnen wir uns auf eine beachtliche Anzahl an Passivmitglieder abst\u00fctzen. Unsere aktuell rund 70 Passivmitglieder unterst\u00fctzen mit ihren Beitr\u00e4gen (<strong>j\u00e4hrlich mindestens CHF 30<\/strong>) direkt unsere Jungtambouren-Ausbildung und sorgen daf\u00fcr, dass unser Trommelspiel noch viele Jahre die Zuh\u00f6rer erfreuen kann. Als Gegenleistung erhalten Sie j\u00e4hrlich Informationen aus dem Verein und eine sch\u00f6ne Geburtstagskarte. Zudem profitieren unsere Passivmitglieder von speziellen Aktionen und Einladungen.<\/p>\n<p>M\u00f6chten Sie auch Passivmitglied werden und unsere Jungtambouren-Ausbildung unterst\u00fctzen? Schreiben Sie uns eine Nachricht \u00fcber das Kontaktformular. Wir melden uns umgehend bei Ihnen. Herzlichen Dank!<\/p>\n<table style=\"width: 1000px;\">\n<tbody>\n<tr>\n<td style=\"width: 797px;\"><strong>Aktivmitglieder<\/strong>&nbsp;&nbsp;* diese Aktivmitglieder sind gleichzeitig auch Ehrenmitglieder<\/td>\n<td style=\"width: 826px;\">Achermann Pascal*<br \/>\nAmbauen Marco<br \/>\nBarmettler Urs<br \/>\nBusinger Reto<br \/>\nHelfenstein Nevin<br \/>\nHuser Colin<br \/>\nImhasly Christian<br \/>\nKluser Fredy*<br \/>\nKurmann Michael*<br \/>\nPortmann Andres<br \/>\nScheuber Adrian<br \/>\nScheuber Erich<br \/>\nvon B\u00fcren Hanspeter*<br \/>\nvon Fl\u00fce Ivo<br \/>\nW\u00fcrsch Theo*<br \/>\nZimmermann Manuel*<br \/>\nScherrer Gian<br \/>\nFischer Ron<\/td>\n<\/tr>\n<tr>\n<td style=\"width: 797px;\"><strong>Ehrenmitglieder<\/strong>&nbsp;&nbsp;&nbsp;<\/td>\n<td style=\"width: 826px;\">Achermann Ernst<br \/>\nFrank Beat<br \/>\nGabriel Franz<br \/>\nK\u00e4ppeli Hanspeter<br \/>\nKluser Julius<br \/>\nScheuber Urs<br \/>\nSchmitter Fredy&nbsp;<\/td>\n<\/tr>\n<\/tbody>\n<\/table>\n<p>&nbsp;<\/p>\n<p><a href=\"http:\/\/tambouren-ennetbuergen.ch\/wp-content\/uploads\/2018\/03\/PANO01.jpg\"><img decoding=\"async\" loading=\"lazy\" class=\"alignnone size-full wp-image-2273\" src=\"http:\/\/tambouren-ennetbuergen.ch\/wp-content\/uploads\/2018\/03\/PANO01.jpg\" alt=\"\" width=\"1999\" height=\"832\" srcset=\"https:\/\/tambouren-ennetbuergen.ch\/wp-content\/uploads\/2018\/03\/PANO01.jpg 1999w, https:\/\/tambouren-ennetbuergen.ch\/wp-content\/uploads\/2018\/03\/PANO01-300x125.jpg 300w, https:\/\/tambouren-ennetbuergen.ch\/wp-content\/uploads\/2018\/03\/PANO01-768x320.jpg 768w, https:\/\/tambouren-ennetbuergen.ch\/wp-content\/uploads\/2018\/03\/PANO01-1024x426.jpg 1024w\" sizes=\"(max-width: 1999px) 100vw, 1999px\" \/><\/a><\/p>\n","protected":false},"excerpt":{"rendered":"<p>&nbsp; Ohne viel Aufsehen wurde im Jahre 1949 von einigen begeisterten Trommlern die Tambourengruppe Ennetb\u00fcrgen gegr\u00fcndet. Anf\u00e4nglich wurde die neue Formation ausschliesslich an der Fasnacht eingesetzt. Schon bald jedoch wurden unsere markanten Auftritte als kontrastreiche Einlagen bei Blasmusikveranstaltungen gesch\u00e4tzt. Inzwischen sind wir neben der Fasnacht auch bei Showauftritten, Quartierst\u00e4ndchen, Dorffesten und Marschmusikauftritten gern gesehene Mitwirkende. &hellip;<\/p>\n<p class=\"read-more\"> <a class=\"\" href=\"https:\/\/tambouren-ennetbuergen.ch\/\"> <span class=\"screen-reader-text\">Verein<\/span> Weiterlesen &raquo;<\/a><\/p>\n","protected":false},"author":2,"featured_media":0,"parent":0,"menu_order":1,"comment_status":"closed","ping_status":"closed","template":"","meta":{"site-sidebar-layout":"default","site-content-layout":"plain-container","ast-global-header-display":"","ast-banner-title-visibility":"","ast-main-header-display":"","ast-hfb-above-header-display":"","ast-hfb-below-header-display":"","ast-hfb-mobile-header-display":"","site-post-title":"","ast-breadcrumbs-content":"","ast-featured-img":"","footer-sml-layout":"","theme-transparent-header-meta":"default","adv-header-id-meta":"2232","stick-header-meta":"default","header-above-stick-meta":"","header-main-stick-meta":"","header-below-stick-meta":"","ngg_post_thumbnail":0,"footnotes":""},"_links":{"self":[{"href":"https:\/\/tambouren-ennetbuergen.ch\/index.php?rest_route=\/wp\/v2\/pages\/217"}],"collection":[{"href":"https:\/\/tambouren-ennetbuergen.ch\/index.php?rest_route=\/wp\/v2\/pages"}],"about":[{"href":"https:\/\/tambouren-ennetbuergen.ch\/index.php?rest_route=\/wp\/v2\/types\/page"}],"author":[{"embeddable":true,"href":"https:\/\/tambouren-ennetbuergen.ch\/index.php?rest_route=\/wp\/v2\/users\/2"}],"replies":[{"embeddable":true,"href":"https:\/\/tambouren-ennetbuergen.ch\/index.php?rest_route=%2Fwp%2Fv2%2Fcomments&post=217"}],"version-history":[{"count":26,"href":"https:\/\/tambouren-ennetbuergen.ch\/index.php?rest_route=\/wp\/v2\/pages\/217\/revisions"}],"predecessor-version":[{"id":2434,"href":"https:\/\/tambouren-ennetbuergen.ch\/index.php?rest_route=\/wp\/v2\/pages\/217\/revisions\/2434"}],"wp:attachment":[{"href":"https:\/\/tambouren-ennetbuergen.ch\/index.php?rest_route=%2Fwp%2Fv2%2Fmedia&parent=217"}],"curies":[{"name":"wp","href":"https:\/\/api.w.org\/{rel}","templated":true}]}}